{"id":445,"date":"2024-09-25T13:48:22","date_gmt":"2024-09-25T16:48:22","guid":{"rendered":"https:\/\/gaesan.com.br\/?page_id=445"},"modified":"2024-10-01T17:33:12","modified_gmt":"2024-10-01T20:33:12","slug":"manutencao-de-emergencia","status":"publish","type":"page","link":"https:\/\/gaesan.com.br\/?page_id=445","title":{"rendered":"Manuten\u00e7\u00e3o de emerg\u00eancia"},"content":{"rendered":"\t\t<div data-elementor-type=\"wp-page\" data-elementor-id=\"445\" class=\"elementor elementor-445\" data-elementor-post-type=\"page\">\n\t\t\t\t\t\t<section class=\"elementor-section elementor-top-section elementor-element elementor-element-a049b33 elementor-section-boxed elementor-section-height-default elementor-section-height-default wpr-particle-no wpr-jarallax-no wpr-parallax-no wpr-sticky-section-no\" data-id=\"a049b33\" data-element_type=\"section\" data-e-type=\"section\" data-settings=\"{&quot;background_background&quot;:&quot;classic&quot;}\">\n\t\t\t\t\t\t\t<div class=\"elementor-background-overlay\"><\/div>\n\t\t\t\t\t\t\t<div class=\"elementor-container elementor-column-gap-default\">\n\t\t\t\t\t<div class=\"elementor-column elementor-col-100 elementor-top-column elementor-element elementor-element-ba63256\" data-id=\"ba63256\" data-element_type=\"column\" data-e-type=\"column\">\n\t\t\t<div class=\"elementor-widget-wrap elementor-element-populated\">\n\t\t\t\t\t\t<div class=\"elementor-element elementor-element-e118e1f elementor-widget-laptop__width-initial elementor-widget-tablet_extra__width-initial elementor-invisible elementor-widget elementor-widget-heading\" data-id=\"e118e1f\" data-element_type=\"widget\" data-e-type=\"widget\" data-settings=\"{&quot;_animation&quot;:&quot;fadeInDown&quot;}\" data-widget_type=\"heading.default\">\n\t\t\t\t<div class=\"elementor-widget-container\">\n\t\t\t\t\t<h2 class=\"elementor-heading-title elementor-size-default\">MANUTEN\u00c7\u00c3O DE EMERG\u00caNCIA\u200b<\/h2>\t\t\t\t<\/div>\n\t\t\t\t<\/div>\n\t\t\t\t<div class=\"elementor-element elementor-element-1b3c5bc elementor-widget elementor-widget-text-editor\" data-id=\"1b3c5bc\" data-element_type=\"widget\" data-e-type=\"widget\" data-widget_type=\"text-editor.default\">\n\t\t\t\t<div class=\"elementor-widget-container\">\n\t\t\t\t\t\t\t\t\t<p><span class=\"TextRun SCXP132758845 BCX0\" lang=\"PT-BR\" xml:lang=\"PT-BR\" data-scheme-color=\"@FFFFFF,0,\" data-usefontface=\"false\" data-contrast=\"none\"><span class=\"NormalTextRun SCXP132758845 BCX0\">Refer\u00eancia em atendimentos emergenciais para reestabelecimento de <\/span><\/span><span class=\"TextRun SCXP132758845 BCX0\" lang=\"PT-BR\" xml:lang=\"PT-BR\" data-scheme-color=\"@FFFFFF,0,\" data-usefontface=\"false\" data-contrast=\"none\"><span class=\"NormalTextRun SCXP132758845 BCX0\">energia em sua empresa.<\/span><\/span><span class=\"EOP SCXP132758845 BCX0\">\u200b<\/span><\/p>\t\t\t\t\t\t\t\t<\/div>\n\t\t\t\t<\/div>\n\t\t\t\t\t<\/div>\n\t\t<\/div>\n\t\t\t\t\t<\/div>\n\t\t<\/section>\n\t\t\t\t<section class=\"elementor-section elementor-top-section elementor-element elementor-element-e132da0 elementor-section-boxed elementor-section-height-default elementor-section-height-default wpr-particle-no wpr-jarallax-no wpr-parallax-no wpr-sticky-section-no\" data-id=\"e132da0\" data-element_type=\"section\" data-e-type=\"section\" data-settings=\"{&quot;background_background&quot;:&quot;classic&quot;}\">\n\t\t\t\t\t\t\t<div class=\"elementor-background-overlay\"><\/div>\n\t\t\t\t\t\t\t<div class=\"elementor-container elementor-column-gap-default\">\n\t\t\t\t\t<div class=\"elementor-column elementor-col-100 elementor-top-column elementor-element elementor-element-7fe3000\" data-id=\"7fe3000\" data-element_type=\"column\" data-e-type=\"column\">\n\t\t\t<div class=\"elementor-widget-wrap elementor-element-populated\">\n\t\t\t\t\t\t<div class=\"elementor-element elementor-element-9799001 elementor-widget-laptop__width-initial elementor-widget-tablet_extra__width-initial elementor-widget elementor-widget-heading\" data-id=\"9799001\" data-element_type=\"widget\" data-e-type=\"widget\" data-widget_type=\"heading.default\">\n\t\t\t\t<div class=\"elementor-widget-container\">\n\t\t\t\t\t<h2 class=\"elementor-heading-title elementor-size-default\">atendemos em todo territorio nacional<\/h2>\t\t\t\t<\/div>\n\t\t\t\t<\/div>\n\t\t\t\t\t<\/div>\n\t\t<\/div>\n\t\t\t\t\t<\/div>\n\t\t<\/section>\n\t\t\t\t<section class=\"elementor-section elementor-top-section elementor-element elementor-element-0f74bbe elementor-section-boxed elementor-section-height-default elementor-section-height-default wpr-particle-no wpr-jarallax-no wpr-parallax-no wpr-sticky-section-no\" data-id=\"0f74bbe\" data-element_type=\"section\" data-e-type=\"section\" data-settings=\"{&quot;background_background&quot;:&quot;classic&quot;}\">\n\t\t\t\t\t\t<div class=\"elementor-container elementor-column-gap-default\">\n\t\t\t\t\t<div class=\"elementor-column elementor-col-100 elementor-top-column elementor-element elementor-element-0541add\" data-id=\"0541add\" data-element_type=\"column\" data-e-type=\"column\">\n\t\t\t<div class=\"elementor-widget-wrap elementor-element-populated\">\n\t\t\t\t\t\t<div class=\"elementor-element elementor-element-a0ccd35 elementor-widget-laptop__width-initial elementor-widget-tablet_extra__width-initial elementor-widget elementor-widget-heading\" data-id=\"a0ccd35\" data-element_type=\"widget\" data-e-type=\"widget\" data-widget_type=\"heading.default\">\n\t\t\t\t<div class=\"elementor-widget-container\">\n\t\t\t\t\t<h2 class=\"elementor-heading-title elementor-size-default\">Solicite um or\u00e7amento r\u00e1pido e online!\n<\/h2>\t\t\t\t<\/div>\n\t\t\t\t<\/div>\n\t\t\t\t<div class=\"elementor-element elementor-element-6af0ff9 elementor-widget elementor-widget-text-editor\" data-id=\"6af0ff9\" data-element_type=\"widget\" data-e-type=\"widget\" data-widget_type=\"text-editor.default\">\n\t\t\t\t<div class=\"elementor-widget-container\">\n\t\t\t\t\t\t\t\t\t<p><strong>Solu\u00e7\u00f5es personalizadas para garantir a m\u00e1xima efici\u00eancia e seguran\u00e7a<\/strong><\/p>\t\t\t\t\t\t\t\t<\/div>\n\t\t\t\t<\/div>\n\t\t\t\t<div class=\"elementor-element elementor-element-e682765 elementor-align-center elementor-widget elementor-widget-button\" data-id=\"e682765\" data-element_type=\"widget\" data-e-type=\"widget\" data-widget_type=\"button.default\">\n\t\t\t\t<div class=\"elementor-widget-container\">\n\t\t\t\t\t\t\t\t\t<div class=\"elementor-button-wrapper\">\n\t\t\t\t\t<a class=\"elementor-button elementor-button-link elementor-size-sm\" href=\"https:\/\/wa.me\/5541992338211\">\n\t\t\t\t\t\t<span class=\"elementor-button-content-wrapper\">\n\t\t\t\t\t\t\t\t\t<span class=\"elementor-button-text\">FALE CONOSCO<\/span>\n\t\t\t\t\t<\/span>\n\t\t\t\t\t<\/a>\n\t\t\t\t<\/div>\n\t\t\t\t\t\t\t\t<\/div>\n\t\t\t\t<\/div>\n\t\t\t\t\t<\/div>\n\t\t<\/div>\n\t\t\t\t\t<\/div>\n\t\t<\/section>\n\t\t\t\t<section class=\"elementor-section elementor-top-section elementor-element elementor-element-9f9b041 elementor-section-boxed elementor-section-height-default elementor-section-height-default wpr-particle-no wpr-jarallax-no wpr-parallax-no wpr-sticky-section-no\" data-id=\"9f9b041\" data-element_type=\"section\" data-e-type=\"section\" data-settings=\"{&quot;background_background&quot;:&quot;classic&quot;}\">\n\t\t\t\t\t\t<div class=\"elementor-container elementor-column-gap-default\">\n\t\t\t\t\t<div class=\"elementor-column elementor-col-100 elementor-top-column elementor-element elementor-element-fe2c8d5\" data-id=\"fe2c8d5\" data-element_type=\"column\" data-e-type=\"column\">\n\t\t\t<div class=\"elementor-widget-wrap elementor-element-populated\">\n\t\t\t\t\t\t<div class=\"elementor-element elementor-element-c5ed974 elementor-widget-laptop__width-initial elementor-widget-tablet_extra__width-initial elementor-widget elementor-widget-heading\" data-id=\"c5ed974\" data-element_type=\"widget\" data-e-type=\"widget\" data-widget_type=\"heading.default\">\n\t\t\t\t<div class=\"elementor-widget-container\">\n\t\t\t\t\t<h2 class=\"elementor-heading-title elementor-size-default\">MANUTEN\u00c7\u00c3O DE EMERG\u00caNCIA\u200b<\/h2>\t\t\t\t<\/div>\n\t\t\t\t<\/div>\n\t\t\t\t<div class=\"elementor-element elementor-element-c27783f elementor-widget elementor-widget-text-editor\" data-id=\"c27783f\" data-element_type=\"widget\" data-e-type=\"widget\" data-widget_type=\"text-editor.default\">\n\t\t\t\t<div class=\"elementor-widget-container\">\n\t\t\t\t\t\t\t\t\t<p><span class=\"TextRun  BCX0 SCXP135934747\" lang=\"PT-BR\" xml:lang=\"PT-BR\" data-scheme-color=\"@FFFFFF,0,\" data-usefontface=\"false\" data-contrast=\"none\"><span class=\"NormalTextRun  BCX0 SCXP135934747\">Somos refer\u00eancia regional em atendimentos emergenciais em m\u00e9dia e baixa tens\u00e3o, com garantia de in\u00edcio do atendimento em <\/span><\/span><span class=\"TextRun  BCX0 SCXP135934747\" lang=\"PT-BR\" xml:lang=\"PT-BR\" data-scheme-color=\"@FFFFFF,0,\" data-usefontface=\"false\" data-contrast=\"none\"><span class=\"NormalTextRun  BCX0 SCXP135934747\">at\u00e9 2 horas na regi\u00e3o metropolitana de Curitiba. Operamos com plant\u00e3o de emerg\u00eancia 24 horas por dia e contamos com <\/span><\/span><span class=\"TextRun  BCX0 SCXP135934747\" lang=\"PT-BR\" xml:lang=\"PT-BR\" data-scheme-color=\"@FFFFFF,0,\" data-usefontface=\"false\" data-contrast=\"none\"><span class=\"NormalTextRun  BCX0 SCXP135934747\">caminh\u00e3o cesto isolado para interven\u00e7\u00f5es em linhas a\u00e9reas. Al\u00e9m disso, mantemos um amplo estoque de equipamentos, <\/span><\/span><span class=\"TextRun  BCX0 SCXP135934747\" lang=\"PT-BR\" xml:lang=\"PT-BR\" data-scheme-color=\"@FFFFFF,0,\" data-usefontface=\"false\" data-contrast=\"none\"><span class=\"NormalTextRun  BCX0 SCXP135934747\">incluindo disjuntores de m\u00e9dia e baixa tens\u00e3o, chaves seccionadoras de m\u00e9dia tens\u00e3o, condutores el\u00e9tricos, transformadores a <\/span><\/span><span class=\"TextRun  BCX0 SCXP135934747\" lang=\"PT-BR\" xml:lang=\"PT-BR\" data-scheme-color=\"@FFFFFF,0,\" data-usefontface=\"false\" data-contrast=\"none\"><span class=\"NormalTextRun  BCX0 SCXP135934747\">\u00f3leo e a seco, rel\u00e9s de prote\u00e7\u00e3o, <\/span><\/span><span class=\"TextRun SpellingErrorZoomed  BCX0 SCXP135934747\" lang=\"PT-BR\" xml:lang=\"PT-BR\" data-scheme-color=\"@FFFFFF,0,\" data-usefontface=\"false\" data-contrast=\"none\"><span class=\"BCX0 SCXP135934747\">TCs<\/span><\/span><span class=\"TextRun  BCX0 SCXP135934747\" lang=\"PT-BR\" xml:lang=\"PT-BR\" data-scheme-color=\"@FFFFFF,0,\" data-usefontface=\"false\" data-contrast=\"none\"><span class=\"NormalTextRun  BCX0 SCXP135934747\">, <\/span><\/span><span class=\"TextRun SpellingErrorZoomed  BCX0 SCXP135934747\" lang=\"PT-BR\" xml:lang=\"PT-BR\" data-scheme-color=\"@FFFFFF,0,\" data-usefontface=\"false\" data-contrast=\"none\"><span class=\"BCX0 SCXP135934747\">TPs<\/span><\/span><span class=\"TextRun  BCX0 SCXP135934747\" lang=\"PT-BR\" xml:lang=\"PT-BR\" data-scheme-color=\"@FFFFFF,0,\" data-usefontface=\"false\" data-contrast=\"none\"><span class=\"NormalTextRun  BCX0 SCXP135934747\">, para-raios, termina\u00e7\u00f5es, terminais, barramentos, isoladores e cruzetas.<\/span><\/span><span class=\"EOP  BCX0 SCXP135934747\">\u200b<\/span><\/p>\t\t\t\t\t\t\t\t<\/div>\n\t\t\t\t<\/div>\n\t\t\t\t<section class=\"elementor-section elementor-inner-section elementor-element elementor-element-3d3e9c7 elementor-section-boxed elementor-section-height-default elementor-section-height-default wpr-particle-no wpr-jarallax-no wpr-parallax-no wpr-sticky-section-no\" data-id=\"3d3e9c7\" data-element_type=\"section\" data-e-type=\"section\">\n\t\t\t\t\t\t<div class=\"elementor-container elementor-column-gap-default\">\n\t\t\t\t\t<div class=\"elementor-column elementor-col-25 elementor-inner-column elementor-element elementor-element-11f0f7d\" data-id=\"11f0f7d\" data-element_type=\"column\" data-e-type=\"column\">\n\t\t\t<div class=\"elementor-widget-wrap elementor-element-populated\">\n\t\t\t\t\t\t<div class=\"elementor-element elementor-element-58ff7d3 elementor-widget elementor-widget-image\" data-id=\"58ff7d3\" data-element_type=\"widget\" data-e-type=\"widget\" data-widget_type=\"image.default\">\n\t\t\t\t<div class=\"elementor-widget-container\">\n\t\t\t\t\t\t\t\t\t\t\t\t\t\t\t<img fetchpriority=\"high\" decoding=\"async\" width=\"250\" height=\"253\" src=\"https:\/\/gaesan.com.br\/wp-content\/uploads\/2024\/09\/1.png\" class=\"attachment-large size-large wp-image-749\" alt=\"\" \/>\t\t\t\t\t\t\t\t\t\t\t\t\t\t\t<\/div>\n\t\t\t\t<\/div>\n\t\t\t\t\t<\/div>\n\t\t<\/div>\n\t\t\t\t<div class=\"elementor-column elementor-col-25 elementor-inner-column elementor-element elementor-element-4107c5d\" data-id=\"4107c5d\" data-element_type=\"column\" data-e-type=\"column\">\n\t\t\t<div class=\"elementor-widget-wrap elementor-element-populated\">\n\t\t\t\t\t\t<div class=\"elementor-element elementor-element-220b90a elementor-widget__width-initial elementor-widget elementor-widget-image\" data-id=\"220b90a\" data-element_type=\"widget\" data-e-type=\"widget\" data-widget_type=\"image.default\">\n\t\t\t\t<div class=\"elementor-widget-container\">\n\t\t\t\t\t\t\t\t\t\t\t\t\t\t\t<img decoding=\"async\" width=\"250\" height=\"227\" src=\"https:\/\/gaesan.com.br\/wp-content\/uploads\/2024\/09\/2.png\" class=\"attachment-large size-large wp-image-750\" alt=\"\" \/>\t\t\t\t\t\t\t\t\t\t\t\t\t\t\t<\/div>\n\t\t\t\t<\/div>\n\t\t\t\t\t<\/div>\n\t\t<\/div>\n\t\t\t\t<div class=\"elementor-column elementor-col-25 elementor-inner-column elementor-element elementor-element-23b021c\" data-id=\"23b021c\" data-element_type=\"column\" data-e-type=\"column\">\n\t\t\t<div class=\"elementor-widget-wrap elementor-element-populated\">\n\t\t\t\t\t\t<div class=\"elementor-element elementor-element-60f3bab elementor-widget elementor-widget-image\" data-id=\"60f3bab\" data-element_type=\"widget\" data-e-type=\"widget\" data-widget_type=\"image.default\">\n\t\t\t\t<div class=\"elementor-widget-container\">\n\t\t\t\t\t\t\t\t\t\t\t\t\t\t\t<img decoding=\"async\" width=\"250\" height=\"209\" src=\"https:\/\/gaesan.com.br\/wp-content\/uploads\/2024\/09\/4.png\" class=\"attachment-large size-large wp-image-748\" alt=\"\" \/>\t\t\t\t\t\t\t\t\t\t\t\t\t\t\t<\/div>\n\t\t\t\t<\/div>\n\t\t\t\t\t<\/div>\n\t\t<\/div>\n\t\t\t\t<div class=\"elementor-column elementor-col-25 elementor-inner-column elementor-element elementor-element-62c1051\" data-id=\"62c1051\" data-element_type=\"column\" data-e-type=\"column\">\n\t\t\t<div class=\"elementor-widget-wrap elementor-element-populated\">\n\t\t\t\t\t\t<div class=\"elementor-element elementor-element-ad727f4 elementor-widget elementor-widget-image\" data-id=\"ad727f4\" data-element_type=\"widget\" data-e-type=\"widget\" data-widget_type=\"image.default\">\n\t\t\t\t<div class=\"elementor-widget-container\">\n\t\t\t\t\t\t\t\t\t\t\t\t\t\t\t<img loading=\"lazy\" decoding=\"async\" width=\"250\" height=\"232\" src=\"https:\/\/gaesan.com.br\/wp-content\/uploads\/2024\/09\/3.png\" class=\"attachment-large size-large wp-image-751\" alt=\"\" \/>\t\t\t\t\t\t\t\t\t\t\t\t\t\t\t<\/div>\n\t\t\t\t<\/div>\n\t\t\t\t\t<\/div>\n\t\t<\/div>\n\t\t\t\t\t<\/div>\n\t\t<\/section>\n\t\t\t\t<section class=\"elementor-section elementor-inner-section elementor-element elementor-element-1107048 elementor-section-boxed elementor-section-height-default elementor-section-height-default wpr-particle-no wpr-jarallax-no wpr-parallax-no wpr-sticky-section-no\" data-id=\"1107048\" data-element_type=\"section\" data-e-type=\"section\">\n\t\t\t\t\t\t<div class=\"elementor-container elementor-column-gap-default\">\n\t\t\t\t\t<div class=\"elementor-column elementor-col-25 elementor-inner-column elementor-element elementor-element-1e232e1\" data-id=\"1e232e1\" data-element_type=\"column\" data-e-type=\"column\">\n\t\t\t<div class=\"elementor-widget-wrap elementor-element-populated\">\n\t\t\t\t\t\t<div class=\"elementor-element elementor-element-73da44f elementor-widget elementor-widget-image\" data-id=\"73da44f\" data-element_type=\"widget\" data-e-type=\"widget\" data-widget_type=\"image.default\">\n\t\t\t\t<div class=\"elementor-widget-container\">\n\t\t\t\t\t\t\t\t\t\t\t\t\t\t\t<img loading=\"lazy\" decoding=\"async\" width=\"576\" height=\"1024\" src=\"https:\/\/gaesan.com.br\/wp-content\/uploads\/2024\/09\/Emergencia-8-576x1024.jpeg\" class=\"attachment-large size-large wp-image-756\" alt=\"\" srcset=\"https:\/\/gaesan.com.br\/wp-content\/uploads\/2024\/09\/Emergencia-8-576x1024.jpeg 576w, https:\/\/gaesan.com.br\/wp-content\/uploads\/2024\/09\/Emergencia-8-169x300.jpeg 169w, https:\/\/gaesan.com.br\/wp-content\/uploads\/2024\/09\/Emergencia-8-768x1365.jpeg 768w, https:\/\/gaesan.com.br\/wp-content\/uploads\/2024\/09\/Emergencia-8-864x1536.jpeg 864w, https:\/\/gaesan.com.br\/wp-content\/uploads\/2024\/09\/Emergencia-8.jpeg 900w\" sizes=\"(max-width: 576px) 100vw, 576px\" \/>\t\t\t\t\t\t\t\t\t\t\t\t\t\t\t<\/div>\n\t\t\t\t<\/div>\n\t\t\t\t\t<\/div>\n\t\t<\/div>\n\t\t\t\t<div class=\"elementor-column elementor-col-25 elementor-inner-column elementor-element elementor-element-3b13faa\" data-id=\"3b13faa\" data-element_type=\"column\" data-e-type=\"column\">\n\t\t\t<div class=\"elementor-widget-wrap elementor-element-populated\">\n\t\t\t\t\t\t<div class=\"elementor-element elementor-element-935d65b elementor-widget__width-initial elementor-widget elementor-widget-image\" data-id=\"935d65b\" data-element_type=\"widget\" data-e-type=\"widget\" data-widget_type=\"image.default\">\n\t\t\t\t<div class=\"elementor-widget-container\">\n\t\t\t\t\t\t\t\t\t\t\t\t\t\t\t<img loading=\"lazy\" decoding=\"async\" width=\"768\" height=\"1024\" src=\"https:\/\/gaesan.com.br\/wp-content\/uploads\/2024\/09\/emergencia-6-768x1024.jpeg\" class=\"attachment-large size-large wp-image-758\" alt=\"\" srcset=\"https:\/\/gaesan.com.br\/wp-content\/uploads\/2024\/09\/emergencia-6-768x1024.jpeg 768w, https:\/\/gaesan.com.br\/wp-content\/uploads\/2024\/09\/emergencia-6-225x300.jpeg 225w, https:\/\/gaesan.com.br\/wp-content\/uploads\/2024\/09\/emergencia-6-1152x1536.jpeg 1152w, https:\/\/gaesan.com.br\/wp-content\/uploads\/2024\/09\/emergencia-6.jpeg 1200w\" sizes=\"(max-width: 768px) 100vw, 768px\" \/>\t\t\t\t\t\t\t\t\t\t\t\t\t\t\t<\/div>\n\t\t\t\t<\/div>\n\t\t\t\t\t<\/div>\n\t\t<\/div>\n\t\t\t\t<div class=\"elementor-column elementor-col-25 elementor-inner-column elementor-element elementor-element-c78c78d\" data-id=\"c78c78d\" data-element_type=\"column\" data-e-type=\"column\">\n\t\t\t<div class=\"elementor-widget-wrap elementor-element-populated\">\n\t\t\t\t\t\t<div class=\"elementor-element elementor-element-5ca1f81 elementor-widget elementor-widget-image\" data-id=\"5ca1f81\" data-element_type=\"widget\" data-e-type=\"widget\" data-widget_type=\"image.default\">\n\t\t\t\t<div class=\"elementor-widget-container\">\n\t\t\t\t\t\t\t\t\t\t\t\t\t\t\t<img loading=\"lazy\" decoding=\"async\" width=\"768\" height=\"1024\" src=\"https:\/\/gaesan.com.br\/wp-content\/uploads\/2024\/09\/emergencia-7-768x1024.jpeg\" class=\"attachment-large size-large wp-image-759\" alt=\"\" srcset=\"https:\/\/gaesan.com.br\/wp-content\/uploads\/2024\/09\/emergencia-7-768x1024.jpeg 768w, https:\/\/gaesan.com.br\/wp-content\/uploads\/2024\/09\/emergencia-7-225x300.jpeg 225w, https:\/\/gaesan.com.br\/wp-content\/uploads\/2024\/09\/emergencia-7-1152x1536.jpeg 1152w, https:\/\/gaesan.com.br\/wp-content\/uploads\/2024\/09\/emergencia-7.jpeg 1200w\" sizes=\"(max-width: 768px) 100vw, 768px\" \/>\t\t\t\t\t\t\t\t\t\t\t\t\t\t\t<\/div>\n\t\t\t\t<\/div>\n\t\t\t\t\t<\/div>\n\t\t<\/div>\n\t\t\t\t<div class=\"elementor-column elementor-col-25 elementor-inner-column elementor-element elementor-element-ef31cfd\" data-id=\"ef31cfd\" data-element_type=\"column\" data-e-type=\"column\">\n\t\t\t<div class=\"elementor-widget-wrap elementor-element-populated\">\n\t\t\t\t\t\t<div class=\"elementor-element elementor-element-79e9752 elementor-widget elementor-widget-image\" data-id=\"79e9752\" data-element_type=\"widget\" data-e-type=\"widget\" data-widget_type=\"image.default\">\n\t\t\t\t<div class=\"elementor-widget-container\">\n\t\t\t\t\t\t\t\t\t\t\t\t\t\t\t<img loading=\"lazy\" decoding=\"async\" width=\"800\" height=\"942\" src=\"https:\/\/gaesan.com.br\/wp-content\/uploads\/2024\/09\/emergencia-5-870x1024.jpeg\" class=\"attachment-large size-large wp-image-757\" alt=\"\" srcset=\"https:\/\/gaesan.com.br\/wp-content\/uploads\/2024\/09\/emergencia-5-870x1024.jpeg 870w, https:\/\/gaesan.com.br\/wp-content\/uploads\/2024\/09\/emergencia-5-255x300.jpeg 255w, https:\/\/gaesan.com.br\/wp-content\/uploads\/2024\/09\/emergencia-5-768x904.jpeg 768w, https:\/\/gaesan.com.br\/wp-content\/uploads\/2024\/09\/emergencia-5.jpeg 895w\" sizes=\"(max-width: 800px) 100vw, 800px\" \/>\t\t\t\t\t\t\t\t\t\t\t\t\t\t\t<\/div>\n\t\t\t\t<\/div>\n\t\t\t\t\t<\/div>\n\t\t<\/div>\n\t\t\t\t\t<\/div>\n\t\t<\/section>\n\t\t\t\t\t<\/div>\n\t\t<\/div>\n\t\t\t\t\t<\/div>\n\t\t<\/section>\n\t\t\t\t<\/div>\n\t\t","protected":false},"excerpt":{"rendered":"<p>MANUTEN\u00c7\u00c3O DE EMERG\u00caNCIA\u200b Refer\u00eancia em atendimentos emergenciais para reestabelecimento de energia em sua empresa.\u200b atendemos em todo territorio nacional Solicite um or\u00e7amento r\u00e1pido e online! Solu\u00e7\u00f5es personalizadas para garantir a m\u00e1xima efici\u00eancia e seguran\u00e7a FALE CONOSCO MANUTEN\u00c7\u00c3O DE EMERG\u00caNCIA\u200b Somos refer\u00eancia regional em atendimentos emergenciais em m\u00e9dia e baixa tens\u00e3o, com garantia de in\u00edcio do atendimento em at\u00e9 2 horas na regi\u00e3o metropolitana de Curitiba. Operamos com plant\u00e3o de emerg\u00eancia 24 horas por dia e contamos com caminh\u00e3o cesto isolado para interven\u00e7\u00f5es em linhas a\u00e9reas. Al\u00e9m disso, mantemos um amplo estoque de equipamentos, incluindo disjuntores de m\u00e9dia e baixa tens\u00e3o, chaves seccionadoras de m\u00e9dia tens\u00e3o, condutores el\u00e9tricos, transformadores a \u00f3leo e a seco, rel\u00e9s de prote\u00e7\u00e3o, TCs, TPs, para-raios, termina\u00e7\u00f5es, terminais, barramentos, isoladores e cruzetas.\u200b<\/p>\n","protected":false},"author":8,"featured_media":0,"parent":10,"menu_order":0,"comment_status":"closed","ping_status":"closed","template":"elementor_header_footer","meta":{"_joinchat":[],"footnotes":""},"class_list":["post-445","page","type-page","status-publish","hentry"],"aioseo_notices":[],"_links":{"self":[{"href":"https:\/\/gaesan.com.br\/index.php?rest_route=\/wp\/v2\/pages\/445","targetHints":{"allow":["GET"]}}],"collection":[{"href":"https:\/\/gaesan.com.br\/index.php?rest_route=\/wp\/v2\/pages"}],"about":[{"href":"https:\/\/gaesan.com.br\/index.php?rest_route=\/wp\/v2\/types\/page"}],"author":[{"embeddable":true,"href":"https:\/\/gaesan.com.br\/index.php?rest_route=\/wp\/v2\/users\/8"}],"replies":[{"embeddable":true,"href":"https:\/\/gaesan.com.br\/index.php?rest_route=%2Fwp%2Fv2%2Fcomments&post=445"}],"version-history":[{"count":28,"href":"https:\/\/gaesan.com.br\/index.php?rest_route=\/wp\/v2\/pages\/445\/revisions"}],"predecessor-version":[{"id":888,"href":"https:\/\/gaesan.com.br\/index.php?rest_route=\/wp\/v2\/pages\/445\/revisions\/888"}],"up":[{"embeddable":true,"href":"https:\/\/gaesan.com.br\/index.php?rest_route=\/wp\/v2\/pages\/10"}],"wp:attachment":[{"href":"https:\/\/gaesan.com.br\/index.php?rest_route=%2Fwp%2Fv2%2Fmedia&parent=445"}],"curies":[{"name":"wp","href":"https:\/\/api.w.org\/{rel}","templated":true}]}}