{"id":449,"date":"2024-09-25T13:50:49","date_gmt":"2024-09-25T16:50:49","guid":{"rendered":"https:\/\/gaesan.com.br\/?page_id=449"},"modified":"2024-10-01T17:31:47","modified_gmt":"2024-10-01T20:31:47","slug":"filtragem-termovacuo","status":"publish","type":"page","link":"https:\/\/gaesan.com.br\/?page_id=449","title":{"rendered":"Filtragem termov\u00e1cuo"},"content":{"rendered":"\t\t<div data-elementor-type=\"wp-page\" data-elementor-id=\"449\" class=\"elementor elementor-449\" data-elementor-post-type=\"page\">\n\t\t\t\t\t\t<section class=\"elementor-section elementor-top-section elementor-element elementor-element-67d4392 elementor-section-boxed elementor-section-height-default elementor-section-height-default wpr-particle-no wpr-jarallax-no wpr-parallax-no wpr-sticky-section-no\" data-id=\"67d4392\" data-element_type=\"section\" data-e-type=\"section\" data-settings=\"{&quot;background_background&quot;:&quot;classic&quot;}\">\n\t\t\t\t\t\t\t<div class=\"elementor-background-overlay\"><\/div>\n\t\t\t\t\t\t\t<div class=\"elementor-container elementor-column-gap-default\">\n\t\t\t\t\t<div class=\"elementor-column elementor-col-100 elementor-top-column elementor-element elementor-element-26ba8fc\" data-id=\"26ba8fc\" data-element_type=\"column\" data-e-type=\"column\">\n\t\t\t<div class=\"elementor-widget-wrap elementor-element-populated\">\n\t\t\t\t\t\t<div class=\"elementor-element elementor-element-7229826 elementor-widget elementor-widget-heading\" data-id=\"7229826\" data-element_type=\"widget\" data-e-type=\"widget\" data-widget_type=\"heading.default\">\n\t\t\t\t<div class=\"elementor-widget-container\">\n\t\t\t\t\t<h2 class=\"elementor-heading-title elementor-size-default\">filtragem termov\u00e1cuo<\/h2>\t\t\t\t<\/div>\n\t\t\t\t<\/div>\n\t\t\t\t<div class=\"elementor-element elementor-element-42af4a2 elementor-widget elementor-widget-text-editor\" data-id=\"42af4a2\" data-element_type=\"widget\" data-e-type=\"widget\" data-widget_type=\"text-editor.default\">\n\t\t\t\t<div class=\"elementor-widget-container\">\n\t\t\t\t\t\t\t\t\t<p><span class=\"TextRun\" lang=\"PT-BR\" xml:lang=\"PT-BR\" data-scheme-color=\"@FFFFFF,0,\" data-usefontface=\"false\" data-contrast=\"none\"><span class=\"NormalTextRun\">Oferecemos servi\u00e7os de filtragem termov\u00e1cuo do \u00f3leo, um processo <\/span><\/span><span class=\"TextRun\" lang=\"PT-BR\" xml:lang=\"PT-BR\" data-scheme-color=\"@FFFFFF,0,\" data-usefontface=\"false\" data-contrast=\"none\"><span class=\"NormalTextRun\">altamente eficiente para a remo\u00e7\u00e3o de impurezas de l\u00edquidos e gases<\/span><\/span><span class=\"EOP\">\u200b<\/span><\/p>\t\t\t\t\t\t\t\t<\/div>\n\t\t\t\t<\/div>\n\t\t\t\t<div class=\"elementor-element elementor-element-70f6685 elementor-align-center elementor-widget elementor-widget-button\" data-id=\"70f6685\" data-element_type=\"widget\" data-e-type=\"widget\" data-widget_type=\"button.default\">\n\t\t\t\t<div class=\"elementor-widget-container\">\n\t\t\t\t\t\t\t\t\t<div class=\"elementor-button-wrapper\">\n\t\t\t\t\t<a class=\"elementor-button elementor-button-link elementor-size-sm\" href=\"https:\/\/wa.me\/5541992338211\">\n\t\t\t\t\t\t<span class=\"elementor-button-content-wrapper\">\n\t\t\t\t\t\t\t\t\t<span class=\"elementor-button-text\">Entre em contato<\/span>\n\t\t\t\t\t<\/span>\n\t\t\t\t\t<\/a>\n\t\t\t\t<\/div>\n\t\t\t\t\t\t\t\t<\/div>\n\t\t\t\t<\/div>\n\t\t\t\t\t<\/div>\n\t\t<\/div>\n\t\t\t\t\t<\/div>\n\t\t<\/section>\n\t\t\t\t<section class=\"elementor-section elementor-top-section elementor-element elementor-element-eabb54f elementor-section-boxed elementor-section-height-default elementor-section-height-default wpr-particle-no wpr-jarallax-no wpr-parallax-no wpr-sticky-section-no\" data-id=\"eabb54f\" data-element_type=\"section\" data-e-type=\"section\" data-settings=\"{&quot;background_background&quot;:&quot;classic&quot;}\">\n\t\t\t\t\t\t\t<div class=\"elementor-background-overlay\"><\/div>\n\t\t\t\t\t\t\t<div class=\"elementor-container elementor-column-gap-default\">\n\t\t\t\t\t<div class=\"elementor-column elementor-col-100 elementor-top-column elementor-element elementor-element-d2ced86\" data-id=\"d2ced86\" data-element_type=\"column\" data-e-type=\"column\">\n\t\t\t<div class=\"elementor-widget-wrap elementor-element-populated\">\n\t\t\t\t\t\t<div class=\"elementor-element elementor-element-b683eb1 elementor-widget-laptop__width-initial elementor-widget-tablet_extra__width-initial elementor-widget elementor-widget-heading\" data-id=\"b683eb1\" data-element_type=\"widget\" data-e-type=\"widget\" data-widget_type=\"heading.default\">\n\t\t\t\t<div class=\"elementor-widget-container\">\n\t\t\t\t\t<h2 class=\"elementor-heading-title elementor-size-default\">atendemos em todo territorio nacional<\/h2>\t\t\t\t<\/div>\n\t\t\t\t<\/div>\n\t\t\t\t\t<\/div>\n\t\t<\/div>\n\t\t\t\t\t<\/div>\n\t\t<\/section>\n\t\t\t\t<section class=\"elementor-section elementor-top-section elementor-element elementor-element-f823b2b elementor-section-boxed elementor-section-height-default elementor-section-height-default wpr-particle-no wpr-jarallax-no wpr-parallax-no wpr-sticky-section-no\" data-id=\"f823b2b\" data-element_type=\"section\" data-e-type=\"section\" data-settings=\"{&quot;background_background&quot;:&quot;classic&quot;}\">\n\t\t\t\t\t\t<div class=\"elementor-container elementor-column-gap-default\">\n\t\t\t\t\t<div class=\"elementor-column elementor-col-100 elementor-top-column elementor-element elementor-element-5084eb8\" data-id=\"5084eb8\" data-element_type=\"column\" data-e-type=\"column\">\n\t\t\t<div class=\"elementor-widget-wrap elementor-element-populated\">\n\t\t\t\t\t\t<div class=\"elementor-element elementor-element-1a5b996 elementor-widget-laptop__width-initial elementor-widget-tablet_extra__width-initial elementor-widget elementor-widget-heading\" data-id=\"1a5b996\" data-element_type=\"widget\" data-e-type=\"widget\" data-widget_type=\"heading.default\">\n\t\t\t\t<div class=\"elementor-widget-container\">\n\t\t\t\t\t<h2 class=\"elementor-heading-title elementor-size-default\">Solicite um or\u00e7amento r\u00e1pido e online!\n<\/h2>\t\t\t\t<\/div>\n\t\t\t\t<\/div>\n\t\t\t\t<div class=\"elementor-element elementor-element-9b1adba elementor-widget elementor-widget-text-editor\" data-id=\"9b1adba\" data-element_type=\"widget\" data-e-type=\"widget\" data-widget_type=\"text-editor.default\">\n\t\t\t\t<div class=\"elementor-widget-container\">\n\t\t\t\t\t\t\t\t\t<p><strong>Solu\u00e7\u00f5es personalizadas para garantir a m\u00e1xima efici\u00eancia e seguran\u00e7a<\/strong><\/p>\t\t\t\t\t\t\t\t<\/div>\n\t\t\t\t<\/div>\n\t\t\t\t<div class=\"elementor-element elementor-element-0190d10 elementor-align-center elementor-widget elementor-widget-button\" data-id=\"0190d10\" data-element_type=\"widget\" data-e-type=\"widget\" data-widget_type=\"button.default\">\n\t\t\t\t<div class=\"elementor-widget-container\">\n\t\t\t\t\t\t\t\t\t<div class=\"elementor-button-wrapper\">\n\t\t\t\t\t<a class=\"elementor-button elementor-button-link elementor-size-sm\" href=\"https:\/\/wa.me\/5541992338211\">\n\t\t\t\t\t\t<span class=\"elementor-button-content-wrapper\">\n\t\t\t\t\t\t\t\t\t<span class=\"elementor-button-text\">FALE CONOSCO<\/span>\n\t\t\t\t\t<\/span>\n\t\t\t\t\t<\/a>\n\t\t\t\t<\/div>\n\t\t\t\t\t\t\t\t<\/div>\n\t\t\t\t<\/div>\n\t\t\t\t\t<\/div>\n\t\t<\/div>\n\t\t\t\t\t<\/div>\n\t\t<\/section>\n\t\t\t\t<section class=\"elementor-section elementor-top-section elementor-element elementor-element-6caa718 elementor-section-boxed elementor-section-height-default elementor-section-height-default wpr-particle-no wpr-jarallax-no wpr-parallax-no wpr-sticky-section-no\" data-id=\"6caa718\" data-element_type=\"section\" data-e-type=\"section\" data-settings=\"{&quot;background_background&quot;:&quot;classic&quot;}\">\n\t\t\t\t\t\t<div class=\"elementor-container elementor-column-gap-default\">\n\t\t\t\t\t<div class=\"elementor-column elementor-col-100 elementor-top-column elementor-element elementor-element-7154552\" data-id=\"7154552\" data-element_type=\"column\" data-e-type=\"column\">\n\t\t\t<div class=\"elementor-widget-wrap elementor-element-populated\">\n\t\t\t\t\t\t<div class=\"elementor-element elementor-element-ed3ddcd elementor-widget-laptop__width-initial elementor-widget-tablet_extra__width-initial elementor-widget elementor-widget-heading\" data-id=\"ed3ddcd\" data-element_type=\"widget\" data-e-type=\"widget\" data-widget_type=\"heading.default\">\n\t\t\t\t<div class=\"elementor-widget-container\">\n\t\t\t\t\t<h2 class=\"elementor-heading-title elementor-size-default\">filtragem termov\u00e1cuo<\/h2>\t\t\t\t<\/div>\n\t\t\t\t<\/div>\n\t\t\t\t<section class=\"elementor-section elementor-inner-section elementor-element elementor-element-fdb310f elementor-section-boxed elementor-section-height-default elementor-section-height-default wpr-particle-no wpr-jarallax-no wpr-parallax-no wpr-sticky-section-no\" data-id=\"fdb310f\" data-element_type=\"section\" data-e-type=\"section\">\n\t\t\t\t\t\t<div class=\"elementor-container elementor-column-gap-default\">\n\t\t\t\t\t<div class=\"elementor-column elementor-col-100 elementor-inner-column elementor-element elementor-element-45243d5\" data-id=\"45243d5\" data-element_type=\"column\" data-e-type=\"column\">\n\t\t\t<div class=\"elementor-widget-wrap elementor-element-populated\">\n\t\t\t\t\t\t<div class=\"elementor-element elementor-element-c60ed69 elementor-widget elementor-widget-text-editor\" data-id=\"c60ed69\" data-element_type=\"widget\" data-e-type=\"widget\" data-widget_type=\"text-editor.default\">\n\t\t\t\t<div class=\"elementor-widget-container\">\n\t\t\t\t\t\t\t\t\t<p><span class=\"TextRun  BCX0 SCXP156680878\" lang=\"PT-BR\" xml:lang=\"PT-BR\" data-scheme-color=\"@FFFFFF,0,\" data-usefontface=\"false\" data-contrast=\"none\"><span class=\"NormalTextRun  BCX0 SCXP156680878\">Nossos servi\u00e7os de filtragem termov\u00e1cuo em transformadores de pot\u00eancia \u00e0 \u00f3leo incluem rigorosos procedimentos de <\/span><\/span><span class=\"TextRun  BCX0 SCXP156680878\" lang=\"PT-BR\" xml:lang=\"PT-BR\" data-scheme-color=\"@FFFFFF,0,\" data-usefontface=\"false\" data-contrast=\"none\"><span class=\"NormalTextRun  BCX0 SCXP156680878\">seguran\u00e7a, como a <\/span><\/span><span class=\"TextRun SpellingErrorZoomed  BCX0 SCXP156680878\" lang=\"PT-BR\" xml:lang=\"PT-BR\" data-scheme-color=\"@FFFFFF,0,\" data-usefontface=\"false\" data-contrast=\"none\"><span class=\"BCX0 SCXP156680878\">desenergiza\u00e7\u00e3o<\/span><\/span><span class=\"TextRun  BCX0 SCXP156680878\" lang=\"PT-BR\" xml:lang=\"PT-BR\" data-scheme-color=\"@FFFFFF,0,\" data-usefontface=\"false\" data-contrast=\"none\"><span class=\"NormalTextRun  BCX0 SCXP156680878\"> da instala\u00e7\u00e3o, aterramento, bloqueio e etiquetagem. O processo de filtragem \u00e9 realizado <\/span><\/span><span class=\"TextRun  BCX0 SCXP156680878\" lang=\"PT-BR\" xml:lang=\"PT-BR\" data-scheme-color=\"@FFFFFF,0,\" data-usefontface=\"false\" data-contrast=\"none\"><span class=\"NormalTextRun  BCX0 SCXP156680878\">atrav\u00e9s da circula\u00e7\u00e3o do \u00f3leo isolante em um equipamento de filtro termov\u00e1cuo, que conta com c\u00e2mara de aquecimento, <\/span><\/span><span class=\"TextRun  BCX0 SCXP156680878\" lang=\"PT-BR\" xml:lang=\"PT-BR\" data-scheme-color=\"@FFFFFF,0,\" data-usefontface=\"false\" data-contrast=\"none\"><span class=\"NormalTextRun  BCX0 SCXP156680878\">c\u00e2mara de v\u00e1cuo e filtro absoluto. Ap\u00f3s o procedimento, realizamos a <\/span><\/span><span class=\"TextRun SpellingErrorZoomed  BCX0 SCXP156680878\" lang=\"PT-BR\" xml:lang=\"PT-BR\" data-scheme-color=\"@FFFFFF,0,\" data-usefontface=\"false\" data-contrast=\"none\"><span class=\"BCX0 SCXP156680878\">reamostragem<\/span><\/span><span class=\"TextRun  BCX0 SCXP156680878\" lang=\"PT-BR\" xml:lang=\"PT-BR\" data-scheme-color=\"@FFFFFF,0,\" data-usefontface=\"false\" data-contrast=\"none\"><span class=\"NormalTextRun  BCX0 SCXP156680878\"> do \u00f3leo com an\u00e1lise cromatogr\u00e1fica para <\/span><\/span><span class=\"TextRun  BCX0 SCXP156680878\" lang=\"PT-BR\" xml:lang=\"PT-BR\" data-scheme-color=\"@FFFFFF,0,\" data-usefontface=\"false\" data-contrast=\"none\"><span class=\"NormalTextRun  BCX0 SCXP156680878\">validar a efic\u00e1cia da atividade e garantir a qualidade do \u00f3leo isolante.<\/span><\/span><span class=\"EOP  BCX0 SCXP156680878\">\u200b<\/span><\/p>\t\t\t\t\t\t\t\t<\/div>\n\t\t\t\t<\/div>\n\t\t\t\t\t<\/div>\n\t\t<\/div>\n\t\t\t\t\t<\/div>\n\t\t<\/section>\n\t\t\t\t<section class=\"elementor-section elementor-inner-section elementor-element elementor-element-3094593 elementor-section-boxed elementor-section-height-default elementor-section-height-default wpr-particle-no wpr-jarallax-no wpr-parallax-no wpr-sticky-section-no\" data-id=\"3094593\" data-element_type=\"section\" data-e-type=\"section\">\n\t\t\t\t\t\t<div class=\"elementor-container elementor-column-gap-default\">\n\t\t\t\t\t<div class=\"elementor-column elementor-col-50 elementor-inner-column elementor-element elementor-element-2099c01\" data-id=\"2099c01\" data-element_type=\"column\" data-e-type=\"column\">\n\t\t\t<div class=\"elementor-widget-wrap elementor-element-populated\">\n\t\t\t\t\t\t<div class=\"elementor-element elementor-element-80e3507 elementor-widget elementor-widget-image\" data-id=\"80e3507\" data-element_type=\"widget\" data-e-type=\"widget\" data-widget_type=\"image.default\">\n\t\t\t\t<div class=\"elementor-widget-container\">\n\t\t\t\t\t\t\t\t\t\t\t\t\t\t\t<img fetchpriority=\"high\" decoding=\"async\" width=\"300\" height=\"278\" src=\"https:\/\/gaesan.com.br\/wp-content\/uploads\/2024\/09\/filtragem-termovacuo-300x278.png\" class=\"attachment-medium size-medium wp-image-721\" alt=\"\" srcset=\"https:\/\/gaesan.com.br\/wp-content\/uploads\/2024\/09\/filtragem-termovacuo-300x278.png 300w, https:\/\/gaesan.com.br\/wp-content\/uploads\/2024\/09\/filtragem-termovacuo.png 625w\" sizes=\"(max-width: 300px) 100vw, 300px\" \/>\t\t\t\t\t\t\t\t\t\t\t\t\t\t\t<\/div>\n\t\t\t\t<\/div>\n\t\t\t\t\t<\/div>\n\t\t<\/div>\n\t\t\t\t<div class=\"elementor-column elementor-col-50 elementor-inner-column elementor-element elementor-element-00f525a\" data-id=\"00f525a\" data-element_type=\"column\" data-e-type=\"column\">\n\t\t\t<div class=\"elementor-widget-wrap elementor-element-populated\">\n\t\t\t\t\t\t<div class=\"elementor-element elementor-element-bc92abc elementor-align-left elementor-widget elementor-widget-button\" data-id=\"bc92abc\" data-element_type=\"widget\" data-e-type=\"widget\" data-widget_type=\"button.default\">\n\t\t\t\t<div class=\"elementor-widget-container\">\n\t\t\t\t\t\t\t\t\t<div class=\"elementor-button-wrapper\">\n\t\t\t\t\t<a class=\"elementor-button elementor-button-link elementor-size-sm\" href=\"https:\/\/wa.me\/5541992338211\">\n\t\t\t\t\t\t<span class=\"elementor-button-content-wrapper\">\n\t\t\t\t\t\t\t\t\t<span class=\"elementor-button-text\">solicite um or\u00e7amento<\/span>\n\t\t\t\t\t<\/span>\n\t\t\t\t\t<\/a>\n\t\t\t\t<\/div>\n\t\t\t\t\t\t\t\t<\/div>\n\t\t\t\t<\/div>\n\t\t\t\t\t<\/div>\n\t\t<\/div>\n\t\t\t\t\t<\/div>\n\t\t<\/section>\n\t\t\t\t\t<\/div>\n\t\t<\/div>\n\t\t\t\t\t<\/div>\n\t\t<\/section>\n\t\t\t\t<\/div>\n\t\t","protected":false},"excerpt":{"rendered":"<p>filtragem termov\u00e1cuo Oferecemos servi\u00e7os de filtragem termov\u00e1cuo do \u00f3leo, um processo altamente eficiente para a remo\u00e7\u00e3o de impurezas de l\u00edquidos e gases\u200b Entre em contato atendemos em todo territorio nacional Solicite um or\u00e7amento r\u00e1pido e online! Solu\u00e7\u00f5es personalizadas para garantir a m\u00e1xima efici\u00eancia e seguran\u00e7a FALE CONOSCO filtragem termov\u00e1cuo Nossos servi\u00e7os de filtragem termov\u00e1cuo em transformadores de pot\u00eancia \u00e0 \u00f3leo incluem rigorosos procedimentos de seguran\u00e7a, como a desenergiza\u00e7\u00e3o da instala\u00e7\u00e3o, aterramento, bloqueio e etiquetagem. O processo de filtragem \u00e9 realizado atrav\u00e9s da circula\u00e7\u00e3o do \u00f3leo isolante em um equipamento de filtro termov\u00e1cuo, que conta com c\u00e2mara de aquecimento, c\u00e2mara de v\u00e1cuo e filtro absoluto. Ap\u00f3s o procedimento, realizamos a reamostragem do \u00f3leo com an\u00e1lise cromatogr\u00e1fica para validar a efic\u00e1cia da atividade e garantir a qualidade do \u00f3leo isolante.\u200b solicite um or\u00e7amento<\/p>\n","protected":false},"author":8,"featured_media":0,"parent":10,"menu_order":0,"comment_status":"closed","ping_status":"closed","template":"elementor_header_footer","meta":{"_joinchat":[],"footnotes":""},"class_list":["post-449","page","type-page","status-publish","hentry"],"aioseo_notices":[],"_links":{"self":[{"href":"https:\/\/gaesan.com.br\/index.php?rest_route=\/wp\/v2\/pages\/449","targetHints":{"allow":["GET"]}}],"collection":[{"href":"https:\/\/gaesan.com.br\/index.php?rest_route=\/wp\/v2\/pages"}],"about":[{"href":"https:\/\/gaesan.com.br\/index.php?rest_route=\/wp\/v2\/types\/page"}],"author":[{"embeddable":true,"href":"https:\/\/gaesan.com.br\/index.php?rest_route=\/wp\/v2\/users\/8"}],"replies":[{"embeddable":true,"href":"https:\/\/gaesan.com.br\/index.php?rest_route=%2Fwp%2Fv2%2Fcomments&post=449"}],"version-history":[{"count":22,"href":"https:\/\/gaesan.com.br\/index.php?rest_route=\/wp\/v2\/pages\/449\/revisions"}],"predecessor-version":[{"id":873,"href":"https:\/\/gaesan.com.br\/index.php?rest_route=\/wp\/v2\/pages\/449\/revisions\/873"}],"up":[{"embeddable":true,"href":"https:\/\/gaesan.com.br\/index.php?rest_route=\/wp\/v2\/pages\/10"}],"wp:attachment":[{"href":"https:\/\/gaesan.com.br\/index.php?rest_route=%2Fwp%2Fv2%2Fmedia&parent=449"}],"curies":[{"name":"wp","href":"https:\/\/api.w.org\/{rel}","templated":true}]}}