{"id":455,"date":"2024-09-25T13:53:16","date_gmt":"2024-09-25T16:53:16","guid":{"rendered":"https:\/\/gaesan.com.br\/?page_id=455"},"modified":"2024-10-14T10:39:42","modified_gmt":"2024-10-14T13:39:42","slug":"comissionamento","status":"publish","type":"page","link":"https:\/\/gaesan.com.br\/?page_id=455","title":{"rendered":"Comissionamento"},"content":{"rendered":"\t\t<div data-elementor-type=\"wp-page\" data-elementor-id=\"455\" class=\"elementor elementor-455\" data-elementor-post-type=\"page\">\n\t\t\t\t\t\t<section class=\"elementor-section elementor-top-section elementor-element elementor-element-9a6e703 elementor-section-boxed elementor-section-height-default elementor-section-height-default wpr-particle-no wpr-jarallax-no wpr-parallax-no wpr-sticky-section-no\" data-id=\"9a6e703\" data-element_type=\"section\" data-e-type=\"section\" data-settings=\"{&quot;background_background&quot;:&quot;classic&quot;}\">\n\t\t\t\t\t\t\t<div class=\"elementor-background-overlay\"><\/div>\n\t\t\t\t\t\t\t<div class=\"elementor-container elementor-column-gap-default\">\n\t\t\t\t\t<div class=\"elementor-column elementor-col-100 elementor-top-column elementor-element elementor-element-16cd1eb\" data-id=\"16cd1eb\" data-element_type=\"column\" data-e-type=\"column\">\n\t\t\t<div class=\"elementor-widget-wrap elementor-element-populated\">\n\t\t\t\t\t\t<div class=\"elementor-element elementor-element-a864644 elementor-widget-laptop__width-initial elementor-widget-tablet_extra__width-initial elementor-invisible elementor-widget elementor-widget-heading\" data-id=\"a864644\" data-element_type=\"widget\" data-e-type=\"widget\" data-settings=\"{&quot;_animation&quot;:&quot;fadeInDown&quot;}\" data-widget_type=\"heading.default\">\n\t\t\t\t<div class=\"elementor-widget-container\">\n\t\t\t\t\t<h2 class=\"elementor-heading-title elementor-size-default\">COMISSIONAMENTO<\/h2>\t\t\t\t<\/div>\n\t\t\t\t<\/div>\n\t\t\t\t<div class=\"elementor-element elementor-element-0a349d6 elementor-widget elementor-widget-text-editor\" data-id=\"0a349d6\" data-element_type=\"widget\" data-e-type=\"widget\" data-widget_type=\"text-editor.default\">\n\t\t\t\t<div class=\"elementor-widget-container\">\n\t\t\t\t\t\t\t\t\t<p><span class=\"TextRun  BCX0 SCXP233318242\" lang=\"PT-BR\" xml:lang=\"PT-BR\" data-scheme-color=\"@FFFFFF,0,\" data-usefontface=\"false\" data-contrast=\"none\"><span class=\"NormalTextRun  BCX0 SCXP233318242\">Oferecemos servi\u00e7os completos de comissionamento das suas <\/span><\/span><span class=\"TextRun  BCX0 SCXP233318242\" lang=\"PT-BR\" xml:lang=\"PT-BR\" data-scheme-color=\"@FFFFFF,0,\" data-usefontface=\"false\" data-contrast=\"none\"><span class=\"NormalTextRun  BCX0 SCXP233318242\">instala\u00e7\u00f5es el\u00e9tricas.<\/span><\/span><span class=\"EOP  BCX0 SCXP233318242\">\u200b<\/span><\/p>\t\t\t\t\t\t\t\t<\/div>\n\t\t\t\t<\/div>\n\t\t\t\t\t<\/div>\n\t\t<\/div>\n\t\t\t\t\t<\/div>\n\t\t<\/section>\n\t\t\t\t<section class=\"elementor-section elementor-top-section elementor-element elementor-element-765267a elementor-section-boxed elementor-section-height-default elementor-section-height-default wpr-particle-no wpr-jarallax-no wpr-parallax-no wpr-sticky-section-no\" data-id=\"765267a\" data-element_type=\"section\" data-e-type=\"section\" data-settings=\"{&quot;background_background&quot;:&quot;classic&quot;}\">\n\t\t\t\t\t\t\t<div class=\"elementor-background-overlay\"><\/div>\n\t\t\t\t\t\t\t<div class=\"elementor-container elementor-column-gap-default\">\n\t\t\t\t\t<div class=\"elementor-column elementor-col-100 elementor-top-column elementor-element elementor-element-d8e2dd4\" data-id=\"d8e2dd4\" data-element_type=\"column\" data-e-type=\"column\">\n\t\t\t<div class=\"elementor-widget-wrap elementor-element-populated\">\n\t\t\t\t\t\t<div class=\"elementor-element elementor-element-5fbbbfe elementor-widget-laptop__width-initial elementor-widget-tablet_extra__width-initial elementor-widget elementor-widget-heading\" data-id=\"5fbbbfe\" data-element_type=\"widget\" data-e-type=\"widget\" data-widget_type=\"heading.default\">\n\t\t\t\t<div class=\"elementor-widget-container\">\n\t\t\t\t\t<h2 class=\"elementor-heading-title elementor-size-default\">atendemos em todo territorio nacional<\/h2>\t\t\t\t<\/div>\n\t\t\t\t<\/div>\n\t\t\t\t\t<\/div>\n\t\t<\/div>\n\t\t\t\t\t<\/div>\n\t\t<\/section>\n\t\t\t\t<section class=\"elementor-section elementor-top-section elementor-element elementor-element-2e79b27 elementor-section-boxed elementor-section-height-default elementor-section-height-default wpr-particle-no wpr-jarallax-no wpr-parallax-no wpr-sticky-section-no\" data-id=\"2e79b27\" data-element_type=\"section\" data-e-type=\"section\" data-settings=\"{&quot;background_background&quot;:&quot;classic&quot;}\">\n\t\t\t\t\t\t<div class=\"elementor-container elementor-column-gap-default\">\n\t\t\t\t\t<div class=\"elementor-column elementor-col-100 elementor-top-column elementor-element elementor-element-5f79ef3\" data-id=\"5f79ef3\" data-element_type=\"column\" data-e-type=\"column\">\n\t\t\t<div class=\"elementor-widget-wrap elementor-element-populated\">\n\t\t\t\t\t\t<div class=\"elementor-element elementor-element-3b10569 elementor-widget-laptop__width-initial elementor-widget-tablet_extra__width-initial elementor-widget elementor-widget-heading\" data-id=\"3b10569\" data-element_type=\"widget\" data-e-type=\"widget\" data-widget_type=\"heading.default\">\n\t\t\t\t<div class=\"elementor-widget-container\">\n\t\t\t\t\t<h2 class=\"elementor-heading-title elementor-size-default\">Solicite um or\u00e7amento r\u00e1pido e online!\n<\/h2>\t\t\t\t<\/div>\n\t\t\t\t<\/div>\n\t\t\t\t<div class=\"elementor-element elementor-element-d632bf6 elementor-widget elementor-widget-text-editor\" data-id=\"d632bf6\" data-element_type=\"widget\" data-e-type=\"widget\" data-widget_type=\"text-editor.default\">\n\t\t\t\t<div class=\"elementor-widget-container\">\n\t\t\t\t\t\t\t\t\t<p><strong>Solu\u00e7\u00f5es personalizadas para garantir a m\u00e1xima efici\u00eancia e seguran\u00e7a<\/strong><\/p>\t\t\t\t\t\t\t\t<\/div>\n\t\t\t\t<\/div>\n\t\t\t\t<div class=\"elementor-element elementor-element-e47d9a1 elementor-align-center elementor-widget elementor-widget-button\" data-id=\"e47d9a1\" data-element_type=\"widget\" data-e-type=\"widget\" data-widget_type=\"button.default\">\n\t\t\t\t<div class=\"elementor-widget-container\">\n\t\t\t\t\t\t\t\t\t<div class=\"elementor-button-wrapper\">\n\t\t\t\t\t<a class=\"elementor-button elementor-button-link elementor-size-sm\" href=\"https:\/\/wa.me\/5541992338211\">\n\t\t\t\t\t\t<span class=\"elementor-button-content-wrapper\">\n\t\t\t\t\t\t\t\t\t<span class=\"elementor-button-text\">FALE CONOSCO<\/span>\n\t\t\t\t\t<\/span>\n\t\t\t\t\t<\/a>\n\t\t\t\t<\/div>\n\t\t\t\t\t\t\t\t<\/div>\n\t\t\t\t<\/div>\n\t\t\t\t\t<\/div>\n\t\t<\/div>\n\t\t\t\t\t<\/div>\n\t\t<\/section>\n\t\t\t\t<section class=\"elementor-section elementor-top-section elementor-element elementor-element-6a1375c elementor-section-boxed elementor-section-height-default elementor-section-height-default wpr-particle-no wpr-jarallax-no wpr-parallax-no wpr-sticky-section-no\" data-id=\"6a1375c\" data-element_type=\"section\" data-e-type=\"section\" data-settings=\"{&quot;background_background&quot;:&quot;classic&quot;}\">\n\t\t\t\t\t\t<div class=\"elementor-container elementor-column-gap-default\">\n\t\t\t\t\t<div class=\"elementor-column elementor-col-100 elementor-top-column elementor-element elementor-element-8fa7c51\" data-id=\"8fa7c51\" data-element_type=\"column\" data-e-type=\"column\">\n\t\t\t<div class=\"elementor-widget-wrap elementor-element-populated\">\n\t\t\t\t\t\t<div class=\"elementor-element elementor-element-7c21293 elementor-widget-laptop__width-initial elementor-widget-tablet_extra__width-initial elementor-invisible elementor-widget elementor-widget-heading\" data-id=\"7c21293\" data-element_type=\"widget\" data-e-type=\"widget\" data-settings=\"{&quot;_animation&quot;:&quot;fadeInDown&quot;}\" data-widget_type=\"heading.default\">\n\t\t\t\t<div class=\"elementor-widget-container\">\n\t\t\t\t\t<h2 class=\"elementor-heading-title elementor-size-default\">COMISSIONAMENTO<\/h2>\t\t\t\t<\/div>\n\t\t\t\t<\/div>\n\t\t\t\t<section class=\"elementor-section elementor-inner-section elementor-element elementor-element-2c35b3b elementor-section-boxed elementor-section-height-default elementor-section-height-default wpr-particle-no wpr-jarallax-no wpr-parallax-no wpr-sticky-section-no\" data-id=\"2c35b3b\" data-element_type=\"section\" data-e-type=\"section\">\n\t\t\t\t\t\t<div class=\"elementor-container elementor-column-gap-default\">\n\t\t\t\t\t<div class=\"elementor-column elementor-col-50 elementor-inner-column elementor-element elementor-element-b7b006f\" data-id=\"b7b006f\" data-element_type=\"column\" data-e-type=\"column\">\n\t\t\t<div class=\"elementor-widget-wrap elementor-element-populated\">\n\t\t\t\t\t\t<div class=\"elementor-element elementor-element-fc94bfe elementor-widget-laptop__width-initial elementor-widget-tablet_extra__width-initial elementor-widget elementor-widget-heading\" data-id=\"fc94bfe\" data-element_type=\"widget\" data-e-type=\"widget\" data-widget_type=\"heading.default\">\n\t\t\t\t<div class=\"elementor-widget-container\">\n\t\t\t\t\t<h2 class=\"elementor-heading-title elementor-size-default\">M\u00c9DIA TENS\u00c3O\u200b<\/h2>\t\t\t\t<\/div>\n\t\t\t\t<\/div>\n\t\t\t\t<div class=\"elementor-element elementor-element-6fdd87d elementor-widget elementor-widget-text-editor\" data-id=\"6fdd87d\" data-element_type=\"widget\" data-e-type=\"widget\" data-widget_type=\"text-editor.default\">\n\t\t\t\t<div class=\"elementor-widget-container\">\n\t\t\t\t\t\t\t\t\t<p><span class=\"TextRun  BCX0 SCXP163798390\" lang=\"PT-BR\" xml:lang=\"PT-BR\" data-scheme-color=\"@FFFFFF,0,\" data-usefontface=\"false\" data-contrast=\"none\"><span class=\"NormalTextRun  BCX0 SCXP163798390\">Seguimos rigorosamente as normas de seguran\u00e7a e os <\/span><\/span><span class=\"TextRun  BCX0 SCXP163798390\" lang=\"PT-BR\" xml:lang=\"PT-BR\" data-scheme-color=\"@FFFFFF,0,\" data-usefontface=\"false\" data-contrast=\"none\"><span class=\"NormalTextRun  BCX0 SCXP163798390\">padr\u00f5es t\u00e9cnicos exigidos pelo mercado, al\u00e9m das <\/span><\/span><span class=\"TextRun  BCX0 SCXP163798390\" lang=\"PT-BR\" xml:lang=\"PT-BR\" data-scheme-color=\"@FFFFFF,0,\" data-usefontface=\"false\" data-contrast=\"none\"><span class=\"NormalTextRun  BCX0 SCXP163798390\">especifica\u00e7\u00f5es recomendadas pelos fabricantes. Com nosso <\/span><\/span><span class=\"TextRun  BCX0 SCXP163798390\" lang=\"PT-BR\" xml:lang=\"PT-BR\" data-scheme-color=\"@FFFFFF,0,\" data-usefontface=\"false\" data-contrast=\"none\"><span class=\"NormalTextRun  BCX0 SCXP163798390\">comissionamento, sua opera\u00e7\u00e3o ganha em confiabilidade, <\/span><\/span><span class=\"TextRun  BCX0 SCXP163798390\" lang=\"PT-BR\" xml:lang=\"PT-BR\" data-scheme-color=\"@FFFFFF,0,\" data-usefontface=\"false\" data-contrast=\"none\"><span class=\"NormalTextRun  BCX0 SCXP163798390\">efici\u00eancia e longevidade.<\/span><\/span><span class=\"EOP  BCX0 SCXP163798390\">\u200b<\/span><\/p>\t\t\t\t\t\t\t\t<\/div>\n\t\t\t\t<\/div>\n\t\t\t\t<div class=\"elementor-element elementor-element-9701c29 elementor-align-center elementor-widget elementor-widget-button\" data-id=\"9701c29\" data-element_type=\"widget\" data-e-type=\"widget\" data-widget_type=\"button.default\">\n\t\t\t\t<div class=\"elementor-widget-container\">\n\t\t\t\t\t\t\t\t\t<div class=\"elementor-button-wrapper\">\n\t\t\t\t\t<a class=\"elementor-button elementor-button-link elementor-size-sm\" href=\"https:\/\/wa.me\/5541992338211\">\n\t\t\t\t\t\t<span class=\"elementor-button-content-wrapper\">\n\t\t\t\t\t\t\t\t\t<span class=\"elementor-button-text\">Solicite um or\u00e7amento<\/span>\n\t\t\t\t\t<\/span>\n\t\t\t\t\t<\/a>\n\t\t\t\t<\/div>\n\t\t\t\t\t\t\t\t<\/div>\n\t\t\t\t<\/div>\n\t\t\t\t\t<\/div>\n\t\t<\/div>\n\t\t\t\t<div class=\"elementor-column elementor-col-50 elementor-inner-column elementor-element elementor-element-6b5f53d\" data-id=\"6b5f53d\" data-element_type=\"column\" data-e-type=\"column\">\n\t\t\t<div class=\"elementor-widget-wrap elementor-element-populated\">\n\t\t\t\t\t\t<div class=\"elementor-element elementor-element-f557858 elementor-widget-laptop__width-initial elementor-widget-tablet_extra__width-initial elementor-widget elementor-widget-heading\" data-id=\"f557858\" data-element_type=\"widget\" data-e-type=\"widget\" data-widget_type=\"heading.default\">\n\t\t\t\t<div class=\"elementor-widget-container\">\n\t\t\t\t\t<h2 class=\"elementor-heading-title elementor-size-default\">ALTA TENS\u00c3O\u200b<\/h2>\t\t\t\t<\/div>\n\t\t\t\t<\/div>\n\t\t\t\t<div class=\"elementor-element elementor-element-51edf09 elementor-widget elementor-widget-text-editor\" data-id=\"51edf09\" data-element_type=\"widget\" data-e-type=\"widget\" data-widget_type=\"text-editor.default\">\n\t\t\t\t<div class=\"elementor-widget-container\">\n\t\t\t\t\t\t\t\t\t<p><span class=\"TextRun SCXP162223634 BCX0\" lang=\"PT-BR\" xml:lang=\"PT-BR\" data-scheme-color=\"@FFFFFF,0,\" data-usefontface=\"false\" data-contrast=\"none\"><span class=\"NormalTextRun SCXP162223634 BCX0\">Com o uso de equipamentos de ponta e altamente <\/span><\/span><span class=\"TextRun SCXP162223634 BCX0\" lang=\"PT-BR\" xml:lang=\"PT-BR\" data-scheme-color=\"@FFFFFF,0,\" data-usefontface=\"false\" data-contrast=\"none\"><span class=\"NormalTextRun SCXP162223634 BCX0\">reconhecidos no setor, aliamos tecnologia e expertise para <\/span><\/span><span class=\"TextRun SCXP162223634 BCX0\" lang=\"PT-BR\" xml:lang=\"PT-BR\" data-scheme-color=\"@FFFFFF,0,\" data-usefontface=\"false\" data-contrast=\"none\"><span class=\"NormalTextRun SCXP162223634 BCX0\">garantir um servi\u00e7o completo de comissionamento em alta <\/span><\/span><span class=\"TextRun SCXP162223634 BCX0\" lang=\"PT-BR\" xml:lang=\"PT-BR\" data-scheme-color=\"@FFFFFF,0,\" data-usefontface=\"false\" data-contrast=\"none\"><span class=\"NormalTextRun SCXP162223634 BCX0\">tens\u00e3o. Nossa equipe t\u00e9cnica \u00e9 formada por profissionais <\/span><\/span><span class=\"TextRun SCXP162223634 BCX0\" lang=\"PT-BR\" xml:lang=\"PT-BR\" data-scheme-color=\"@FFFFFF,0,\" data-usefontface=\"false\" data-contrast=\"none\"><span class=\"NormalTextRun SCXP162223634 BCX0\">qualificados e capacitados, prontos para garantir o m\u00e1ximo de <\/span><\/span><span class=\"TextRun SCXP162223634 BCX0\" lang=\"PT-BR\" xml:lang=\"PT-BR\" data-scheme-color=\"@FFFFFF,0,\" data-usefontface=\"false\" data-contrast=\"none\"><span class=\"NormalTextRun SCXP162223634 BCX0\">seguran\u00e7a, efici\u00eancia e conformidade com as normas vigentes<\/span><\/span><span class=\"EOP SCXP162223634 BCX0\">\u200b<\/span><\/p>\t\t\t\t\t\t\t\t<\/div>\n\t\t\t\t<\/div>\n\t\t\t\t<div class=\"elementor-element elementor-element-b74f7b1 elementor-align-center elementor-widget elementor-widget-button\" data-id=\"b74f7b1\" data-element_type=\"widget\" data-e-type=\"widget\" data-widget_type=\"button.default\">\n\t\t\t\t<div class=\"elementor-widget-container\">\n\t\t\t\t\t\t\t\t\t<div class=\"elementor-button-wrapper\">\n\t\t\t\t\t<a class=\"elementor-button elementor-button-link elementor-size-sm\" href=\"https:\/\/wa.me\/5541992338211\">\n\t\t\t\t\t\t<span class=\"elementor-button-content-wrapper\">\n\t\t\t\t\t\t\t\t\t<span class=\"elementor-button-text\">Solicite um or\u00e7amento<\/span>\n\t\t\t\t\t<\/span>\n\t\t\t\t\t<\/a>\n\t\t\t\t<\/div>\n\t\t\t\t\t\t\t\t<\/div>\n\t\t\t\t<\/div>\n\t\t\t\t\t<\/div>\n\t\t<\/div>\n\t\t\t\t\t<\/div>\n\t\t<\/section>\n\t\t\t\t<section class=\"elementor-section elementor-inner-section elementor-element elementor-element-88ad0b0 elementor-section-boxed elementor-section-height-default elementor-section-height-default wpr-particle-no wpr-jarallax-no wpr-parallax-no wpr-sticky-section-no\" data-id=\"88ad0b0\" data-element_type=\"section\" data-e-type=\"section\">\n\t\t\t\t\t\t<div class=\"elementor-container elementor-column-gap-default\">\n\t\t\t\t\t<div class=\"elementor-column elementor-col-50 elementor-inner-column elementor-element elementor-element-ec8ab7b\" data-id=\"ec8ab7b\" data-element_type=\"column\" data-e-type=\"column\">\n\t\t\t<div class=\"elementor-widget-wrap elementor-element-populated\">\n\t\t\t\t\t\t<div class=\"elementor-element elementor-element-13472ce elementor-widget-laptop__width-initial elementor-widget-tablet_extra__width-initial elementor-widget elementor-widget-heading\" data-id=\"13472ce\" data-element_type=\"widget\" data-e-type=\"widget\" data-widget_type=\"heading.default\">\n\t\t\t\t<div class=\"elementor-widget-container\">\n\t\t\t\t\t<h2 class=\"elementor-heading-title elementor-size-default\">BAIXA TENS\u00c3O\u200b<\/h2>\t\t\t\t<\/div>\n\t\t\t\t<\/div>\n\t\t\t\t<div class=\"elementor-element elementor-element-755e25f elementor-widget elementor-widget-text-editor\" data-id=\"755e25f\" data-element_type=\"widget\" data-e-type=\"widget\" data-widget_type=\"text-editor.default\">\n\t\t\t\t<div class=\"elementor-widget-container\">\n\t\t\t\t\t\t\t\t\t<p><span class=\"TextRun SCXP222987387 BCX0\" lang=\"PT-BR\" xml:lang=\"PT-BR\" data-scheme-color=\"@FFFFFF,0,\" data-usefontface=\"false\" data-contrast=\"none\"><span class=\"NormalTextRun SCXP222987387 BCX0\">Nossa equipe executa ensaios em disjuntores de baixa tens\u00e3o e rel\u00e9s incorporados, <\/span><\/span><span class=\"TextRun SCXP222987387 BCX0\" lang=\"PT-BR\" xml:lang=\"PT-BR\" data-scheme-color=\"@FFFFFF,0,\" data-usefontface=\"false\" data-contrast=\"none\"><span class=\"NormalTextRun SCXP222987387 BCX0\">utilizando maletas de testes dos principais fabricantes do mercado, como ABB, <\/span><\/span><span class=\"TextRun SCXP222987387 BCX0\" lang=\"PT-BR\" xml:lang=\"PT-BR\" data-scheme-color=\"@FFFFFF,0,\" data-usefontface=\"false\" data-contrast=\"none\"><span class=\"NormalTextRun SCXP222987387 BCX0\">Schneider e Siemens. Al\u00e9m disso, atuamos na manuten\u00e7\u00e3o de bancos de capacitores, <\/span><\/span><span class=\"TextRun SCXP222987387 BCX0\" lang=\"PT-BR\" xml:lang=\"PT-BR\" data-scheme-color=\"@FFFFFF,0,\" data-usefontface=\"false\" data-contrast=\"none\"><span class=\"NormalTextRun SCXP222987387 BCX0\">chaves de baixa tens\u00e3o e barramentos blindados<\/span><\/span><span class=\"EOP SCXP222987387 BCX0\">\u200b<\/span><\/p>\t\t\t\t\t\t\t\t<\/div>\n\t\t\t\t<\/div>\n\t\t\t\t<div class=\"elementor-element elementor-element-9c42ed3 elementor-align-center elementor-widget elementor-widget-button\" data-id=\"9c42ed3\" data-element_type=\"widget\" data-e-type=\"widget\" data-widget_type=\"button.default\">\n\t\t\t\t<div class=\"elementor-widget-container\">\n\t\t\t\t\t\t\t\t\t<div class=\"elementor-button-wrapper\">\n\t\t\t\t\t<a class=\"elementor-button elementor-button-link elementor-size-sm\" href=\"https:\/\/wa.me\/5541992338211\">\n\t\t\t\t\t\t<span class=\"elementor-button-content-wrapper\">\n\t\t\t\t\t\t\t\t\t<span class=\"elementor-button-text\">Solicite um or\u00e7amento<\/span>\n\t\t\t\t\t<\/span>\n\t\t\t\t\t<\/a>\n\t\t\t\t<\/div>\n\t\t\t\t\t\t\t\t<\/div>\n\t\t\t\t<\/div>\n\t\t\t\t\t<\/div>\n\t\t<\/div>\n\t\t\t\t<div class=\"elementor-column elementor-col-50 elementor-inner-column elementor-element elementor-element-fb44ba2\" data-id=\"fb44ba2\" data-element_type=\"column\" data-e-type=\"column\">\n\t\t\t<div class=\"elementor-widget-wrap\">\n\t\t\t\t\t\t\t<\/div>\n\t\t<\/div>\n\t\t\t\t\t<\/div>\n\t\t<\/section>\n\t\t\t\t\t<\/div>\n\t\t<\/div>\n\t\t\t\t\t<\/div>\n\t\t<\/section>\n\t\t\t\t<\/div>\n\t\t","protected":false},"excerpt":{"rendered":"<p>COMISSIONAMENTO Oferecemos servi\u00e7os completos de comissionamento das suas instala\u00e7\u00f5es el\u00e9tricas.\u200b atendemos em todo territorio nacional Solicite um or\u00e7amento r\u00e1pido e online! Solu\u00e7\u00f5es personalizadas para garantir a m\u00e1xima efici\u00eancia e seguran\u00e7a FALE CONOSCO COMISSIONAMENTO M\u00c9DIA TENS\u00c3O\u200b Seguimos rigorosamente as normas de seguran\u00e7a e os padr\u00f5es t\u00e9cnicos exigidos pelo mercado, al\u00e9m das especifica\u00e7\u00f5es recomendadas pelos fabricantes. Com nosso comissionamento, sua opera\u00e7\u00e3o ganha em confiabilidade, efici\u00eancia e longevidade.\u200b Solicite um or\u00e7amento ALTA TENS\u00c3O\u200b Com o uso de equipamentos de ponta e altamente reconhecidos no setor, aliamos tecnologia e expertise para garantir um servi\u00e7o completo de comissionamento em alta tens\u00e3o. Nossa equipe t\u00e9cnica \u00e9 formada por profissionais qualificados e capacitados, prontos para garantir o m\u00e1ximo de seguran\u00e7a, efici\u00eancia e conformidade com as normas vigentes\u200b Solicite um or\u00e7amento BAIXA TENS\u00c3O\u200b Nossa equipe executa ensaios em disjuntores de baixa tens\u00e3o e rel\u00e9s incorporados, utilizando maletas de testes dos principais fabricantes do mercado, como ABB, Schneider e Siemens. Al\u00e9m disso, atuamos na manuten\u00e7\u00e3o de bancos de capacitores, chaves de baixa tens\u00e3o e barramentos blindados\u200b Solicite um or\u00e7amento<\/p>\n","protected":false},"author":8,"featured_media":0,"parent":10,"menu_order":0,"comment_status":"closed","ping_status":"closed","template":"elementor_header_footer","meta":{"_joinchat":[],"footnotes":""},"class_list":["post-455","page","type-page","status-publish","hentry"],"aioseo_notices":[],"_links":{"self":[{"href":"https:\/\/gaesan.com.br\/index.php?rest_route=\/wp\/v2\/pages\/455","targetHints":{"allow":["GET"]}}],"collection":[{"href":"https:\/\/gaesan.com.br\/index.php?rest_route=\/wp\/v2\/pages"}],"about":[{"href":"https:\/\/gaesan.com.br\/index.php?rest_route=\/wp\/v2\/types\/page"}],"author":[{"embeddable":true,"href":"https:\/\/gaesan.com.br\/index.php?rest_route=\/wp\/v2\/users\/8"}],"replies":[{"embeddable":true,"href":"https:\/\/gaesan.com.br\/index.php?rest_route=%2Fwp%2Fv2%2Fcomments&post=455"}],"version-history":[{"count":19,"href":"https:\/\/gaesan.com.br\/index.php?rest_route=\/wp\/v2\/pages\/455\/revisions"}],"predecessor-version":[{"id":982,"href":"https:\/\/gaesan.com.br\/index.php?rest_route=\/wp\/v2\/pages\/455\/revisions\/982"}],"up":[{"embeddable":true,"href":"https:\/\/gaesan.com.br\/index.php?rest_route=\/wp\/v2\/pages\/10"}],"wp:attachment":[{"href":"https:\/\/gaesan.com.br\/index.php?rest_route=%2Fwp%2Fv2%2Fmedia&parent=455"}],"curies":[{"name":"wp","href":"https:\/\/api.w.org\/{rel}","templated":true}]}}